{"id":277,"date":"2025-09-14T18:32:23","date_gmt":"2025-09-14T18:32:23","guid":{"rendered":"https:\/\/pruebas.strokesdigital.com\/?post_type=product&#038;p=277"},"modified":"2026-02-25T18:13:27","modified_gmt":"2026-02-25T18:13:27","slug":"meson-bigbar","status":"publish","type":"product","link":"https:\/\/www.modulostand.com\/en\/product\/meson-bigbar\/","title":{"rendered":"Meson bigbar"},"content":{"rendered":"<p><strong>Descripci\u00f3n: <\/strong>Estructura met\u00e1lica de armado manual que soporta repisas, porta productos con gr\u00e1ficos descriptivos y empaque en lona con rodachinas para f\u00e1cil transporte.<\/p>\n<p><strong>Funcionalidad:<\/strong> Exhibici\u00f3n de productos en punto de venta.<\/p>\n<p>\u2718 NO Reconfigurable<\/p>\n<p><strong>Precio antes de IVA:\u00a0<\/strong>$ 1.700.004<\/p>","protected":false},"excerpt":{"rendered":"<p>Descripci\u00f3n: Estructura met\u00e1lica de armado manual que soporta repisas, porta productos con gr\u00e1ficos descriptivos y empaque en lona con rodachinas para f\u00e1cil transporte. Funcionalidad: Exhibici\u00f3n de productos en punto de venta. \u2718 NO Reconfigurable Precio antes de IVA:\u00a0$ 1.700.004<\/p>","protected":false},"featured_media":278,"comment_status":"open","ping_status":"closed","template":"","meta":{"iawp_total_views":9},"product_brand":[],"product_cat":[21],"product_tag":[],"class_list":{"0":"post-277","1":"product","2":"type-product","3":"status-publish","4":"has-post-thumbnail","6":"product_cat-exhibidores-de-producto","8":"first","9":"onbackorder","10":"taxable","11":"shipping-taxable","12":"purchasable","13":"product-type-simple"},"yoast_head":"<!-- This site is optimized with the Yoast SEO plugin v27.4 - https:\/\/yoast.com\/product\/yoast-seo-wordpress\/ -->\n<title>Meson bigbar - MODULOSTAND - STAND PORT\u00c1TILES<\/title>\n<meta name=\"robots\" content=\"index, follow, max-snippet:-1, max-image-preview:large, max-video-preview:-1\" \/>\n<link rel=\"canonical\" href=\"https:\/\/www.modulostand.com\/en\/product\/meson-bigbar\/\" \/>\n<meta property=\"og:locale\" content=\"en_US\" \/>\n<meta property=\"og:type\" content=\"article\" \/>\n<meta property=\"og:title\" content=\"Meson bigbar - MODULOSTAND - STAND PORT\u00c1TILES\" \/>\n<meta property=\"og:description\" content=\"Descripci\u00f3n: Estructura met\u00e1lica de armado manual que soporta repisas, porta productos con gr\u00e1ficos descriptivos y empaque en lona con rodachinas para f\u00e1cil transporte. Funcionalidad: Exhibici\u00f3n de productos en punto de venta. \u2718 NO Reconfigurable Precio antes de IVA:\u00a0$ 1.700.004\" \/>\n<meta property=\"og:url\" content=\"https:\/\/www.modulostand.com\/en\/product\/meson-bigbar\/\" \/>\n<meta property=\"og:site_name\" content=\"MODULOSTAND - STAND PORT\u00c1TILES\" \/>\n<meta property=\"article:modified_time\" content=\"2026-02-25T18:13:27+00:00\" \/>\n<meta property=\"og:image\" content=\"https:\/\/www.modulostand.com\/wp-content\/uploads\/2025\/09\/bigabar-1-1.jpg\" \/>\n\t<meta property=\"og:image:width\" content=\"667\" \/>\n\t<meta property=\"og:image:height\" content=\"550\" \/>\n\t<meta property=\"og:image:type\" content=\"image\/jpeg\" \/>\n<meta name=\"twitter:card\" content=\"summary_large_image\" \/>\n<script type=\"application\/ld+json\" class=\"yoast-schema-graph\">{\"@context\":\"https:\\\/\\\/schema.org\",\"@graph\":[{\"@type\":\"WebPage\",\"@id\":\"https:\\\/\\\/www.modulostand.com\\\/producto\\\/meson-bigbar\\\/\",\"url\":\"https:\\\/\\\/www.modulostand.com\\\/producto\\\/meson-bigbar\\\/\",\"name\":\"Meson bigbar - MODULOSTAND - STAND PORT\u00c1TILES\",\"isPartOf\":{\"@id\":\"https:\\\/\\\/www.modulostand.com\\\/#website\"},\"primaryImageOfPage\":{\"@id\":\"https:\\\/\\\/www.modulostand.com\\\/producto\\\/meson-bigbar\\\/#primaryimage\"},\"image\":{\"@id\":\"https:\\\/\\\/www.modulostand.com\\\/producto\\\/meson-bigbar\\\/#primaryimage\"},\"thumbnailUrl\":\"https:\\\/\\\/www.modulostand.com\\\/wp-content\\\/uploads\\\/2025\\\/09\\\/bigabar-1-1.jpg\",\"datePublished\":\"2025-09-14T18:32:23+00:00\",\"dateModified\":\"2026-02-25T18:13:27+00:00\",\"breadcrumb\":{\"@id\":\"https:\\\/\\\/www.modulostand.com\\\/producto\\\/meson-bigbar\\\/#breadcrumb\"},\"inLanguage\":\"en-US\",\"potentialAction\":[{\"@type\":\"ReadAction\",\"target\":[\"https:\\\/\\\/www.modulostand.com\\\/producto\\\/meson-bigbar\\\/\"]}]},{\"@type\":\"ImageObject\",\"inLanguage\":\"en-US\",\"@id\":\"https:\\\/\\\/www.modulostand.com\\\/producto\\\/meson-bigbar\\\/#primaryimage\",\"url\":\"https:\\\/\\\/www.modulostand.com\\\/wp-content\\\/uploads\\\/2025\\\/09\\\/bigabar-1-1.jpg\",\"contentUrl\":\"https:\\\/\\\/www.modulostand.com\\\/wp-content\\\/uploads\\\/2025\\\/09\\\/bigabar-1-1.jpg\",\"width\":667,\"height\":550},{\"@type\":\"BreadcrumbList\",\"@id\":\"https:\\\/\\\/www.modulostand.com\\\/producto\\\/meson-bigbar\\\/#breadcrumb\",\"itemListElement\":[{\"@type\":\"ListItem\",\"position\":1,\"name\":\"Portada\",\"item\":\"https:\\\/\\\/www.modulostand.com\\\/\"},{\"@type\":\"ListItem\",\"position\":2,\"name\":\"Tienda\",\"item\":\"https:\\\/\\\/www.modulostand.com\\\/tienda\\\/\"},{\"@type\":\"ListItem\",\"position\":3,\"name\":\"Meson bigbar\"}]},{\"@type\":\"WebSite\",\"@id\":\"https:\\\/\\\/www.modulostand.com\\\/#website\",\"url\":\"https:\\\/\\\/www.modulostand.com\\\/\",\"name\":\"MODULOSTAND - STAND PORT\u00c1TILES\",\"description\":\"Sistemas port\u00e1tiles para exhibir tu empresa\",\"potentialAction\":[{\"@type\":\"SearchAction\",\"target\":{\"@type\":\"EntryPoint\",\"urlTemplate\":\"https:\\\/\\\/www.modulostand.com\\\/?s={search_term_string}\"},\"query-input\":{\"@type\":\"PropertyValueSpecification\",\"valueRequired\":true,\"valueName\":\"search_term_string\"}}],\"inLanguage\":\"en-US\"}]}<\/script>\n<!-- \/ Yoast SEO plugin. -->","yoast_head_json":{"title":"Meson bigbar - MODULOSTAND - STAND PORT\u00c1TILES","robots":{"index":"index","follow":"follow","max-snippet":"max-snippet:-1","max-image-preview":"max-image-preview:large","max-video-preview":"max-video-preview:-1"},"canonical":"https:\/\/www.modulostand.com\/en\/product\/meson-bigbar\/","og_locale":"en_US","og_type":"article","og_title":"Meson bigbar - MODULOSTAND - STAND PORT\u00c1TILES","og_description":"Descripci\u00f3n: Estructura met\u00e1lica de armado manual que soporta repisas, porta productos con gr\u00e1ficos descriptivos y empaque en lona con rodachinas para f\u00e1cil transporte. Funcionalidad: Exhibici\u00f3n de productos en punto de venta. \u2718 NO Reconfigurable Precio antes de IVA:\u00a0$ 1.700.004","og_url":"https:\/\/www.modulostand.com\/en\/product\/meson-bigbar\/","og_site_name":"MODULOSTAND - STAND PORT\u00c1TILES","article_modified_time":"2026-02-25T18:13:27+00:00","og_image":[{"width":667,"height":550,"url":"https:\/\/www.modulostand.com\/wp-content\/uploads\/2025\/09\/bigabar-1-1.jpg","type":"image\/jpeg"}],"twitter_card":"summary_large_image","schema":{"@context":"https:\/\/schema.org","@graph":[{"@type":"WebPage","@id":"https:\/\/www.modulostand.com\/producto\/meson-bigbar\/","url":"https:\/\/www.modulostand.com\/producto\/meson-bigbar\/","name":"Meson bigbar - MODULOSTAND - STAND PORT\u00c1TILES","isPartOf":{"@id":"https:\/\/www.modulostand.com\/#website"},"primaryImageOfPage":{"@id":"https:\/\/www.modulostand.com\/producto\/meson-bigbar\/#primaryimage"},"image":{"@id":"https:\/\/www.modulostand.com\/producto\/meson-bigbar\/#primaryimage"},"thumbnailUrl":"https:\/\/www.modulostand.com\/wp-content\/uploads\/2025\/09\/bigabar-1-1.jpg","datePublished":"2025-09-14T18:32:23+00:00","dateModified":"2026-02-25T18:13:27+00:00","breadcrumb":{"@id":"https:\/\/www.modulostand.com\/producto\/meson-bigbar\/#breadcrumb"},"inLanguage":"en-US","potentialAction":[{"@type":"ReadAction","target":["https:\/\/www.modulostand.com\/producto\/meson-bigbar\/"]}]},{"@type":"ImageObject","inLanguage":"en-US","@id":"https:\/\/www.modulostand.com\/producto\/meson-bigbar\/#primaryimage","url":"https:\/\/www.modulostand.com\/wp-content\/uploads\/2025\/09\/bigabar-1-1.jpg","contentUrl":"https:\/\/www.modulostand.com\/wp-content\/uploads\/2025\/09\/bigabar-1-1.jpg","width":667,"height":550},{"@type":"BreadcrumbList","@id":"https:\/\/www.modulostand.com\/producto\/meson-bigbar\/#breadcrumb","itemListElement":[{"@type":"ListItem","position":1,"name":"Portada","item":"https:\/\/www.modulostand.com\/"},{"@type":"ListItem","position":2,"name":"Tienda","item":"https:\/\/www.modulostand.com\/tienda\/"},{"@type":"ListItem","position":3,"name":"Meson bigbar"}]},{"@type":"WebSite","@id":"https:\/\/www.modulostand.com\/#website","url":"https:\/\/www.modulostand.com\/","name":"MODULOSTAND - STAND PORT\u00c1TILES","description":"Sistemas port\u00e1tiles para exhibir tu empresa","potentialAction":[{"@type":"SearchAction","target":{"@type":"EntryPoint","urlTemplate":"https:\/\/www.modulostand.com\/?s={search_term_string}"},"query-input":{"@type":"PropertyValueSpecification","valueRequired":true,"valueName":"search_term_string"}}],"inLanguage":"en-US"}]}},"_links":{"self":[{"href":"https:\/\/www.modulostand.com\/en\/wp-json\/wp\/v2\/product\/277","targetHints":{"allow":["GET"]}}],"collection":[{"href":"https:\/\/www.modulostand.com\/en\/wp-json\/wp\/v2\/product"}],"about":[{"href":"https:\/\/www.modulostand.com\/en\/wp-json\/wp\/v2\/types\/product"}],"replies":[{"embeddable":true,"href":"https:\/\/www.modulostand.com\/en\/wp-json\/wp\/v2\/comments?post=277"}],"wp:featuredmedia":[{"embeddable":true,"href":"https:\/\/www.modulostand.com\/en\/wp-json\/wp\/v2\/media\/278"}],"wp:attachment":[{"href":"https:\/\/www.modulostand.com\/en\/wp-json\/wp\/v2\/media?parent=277"}],"wp:term":[{"taxonomy":"product_brand","embeddable":true,"href":"https:\/\/www.modulostand.com\/en\/wp-json\/wp\/v2\/product_brand?post=277"},{"taxonomy":"product_cat","embeddable":true,"href":"https:\/\/www.modulostand.com\/en\/wp-json\/wp\/v2\/product_cat?post=277"},{"taxonomy":"product_tag","embeddable":true,"href":"https:\/\/www.modulostand.com\/en\/wp-json\/wp\/v2\/product_tag?post=277"}],"curies":[{"name":"wp","href":"https:\/\/api.w.org\/{rel}","templated":true}]}}